{"id":999,"date":"2023-11-20T09:36:39","date_gmt":"2023-11-20T09:36:39","guid":{"rendered":"https:\/\/we-care-hotels.local\/alentours\/"},"modified":"2024-09-10T10:59:43","modified_gmt":"2024-09-10T10:59:43","slug":"omgeving","status":"publish","type":"page","link":"https:\/\/hotelhorizon.be\/nl\/omgeving\/","title":{"rendered":"Omgeving"},"content":{"rendered":"","protected":false},"excerpt":{"rendered":"","protected":false},"author":1,"featured_media":1681,"parent":0,"menu_order":0,"comment_status":"closed","ping_status":"closed","template":"page-activites.php","meta":{"_acf_changed":false,"footnotes":""},"class_list":["post-999","page","type-page","status-publish","has-post-thumbnail","hentry"],"acf":[],"yoast_head":"<!-- This site is optimized with the Yoast SEO plugin v24.7 - https:\/\/yoast.com\/wordpress\/plugins\/seo\/ -->\n<title>Omgeving - WeCareHotels - Horizon<\/title>\n<meta name=\"description\" content=\"Explorez une vari\u00e9t\u00e9 d&#039;activit\u00e9s passionnantes \u00e0 Ath pour des moments inoubliables avec votre famille. Cliquez ici pour en savoir plus.\" \/>\n<meta name=\"robots\" content=\"index, follow, max-snippet:-1, max-image-preview:large, max-video-preview:-1\" \/>\n<link rel=\"canonical\" href=\"https:\/\/hotelhorizon.be\/nl\/omgeving\/\" \/>\n<meta property=\"og:locale\" content=\"nl_NL\" \/>\n<meta property=\"og:type\" content=\"article\" \/>\n<meta property=\"og:title\" content=\"Omgeving - WeCareHotels - Horizon\" \/>\n<meta property=\"og:description\" content=\"Explorez une vari\u00e9t\u00e9 d&#039;activit\u00e9s passionnantes \u00e0 Ath pour des moments inoubliables avec votre famille. Cliquez ici pour en savoir plus.\" \/>\n<meta property=\"og:url\" content=\"https:\/\/hotelhorizon.be\/nl\/omgeving\/\" \/>\n<meta property=\"og:site_name\" content=\"WeCareHotels - Horizon\" \/>\n<meta property=\"article:modified_time\" content=\"2024-09-10T10:59:43+00:00\" \/>\n<meta property=\"og:image\" content=\"https:\/\/hotelhorizon.be\/wp-content\/uploads\/2024\/03\/Pairi-Daiza.jpeg\" \/>\n\t<meta property=\"og:image:width\" content=\"1368\" \/>\n\t<meta property=\"og:image:height\" content=\"768\" \/>\n\t<meta property=\"og:image:type\" content=\"image\/jpeg\" \/>\n<meta name=\"twitter:card\" content=\"summary_large_image\" \/>\n<meta name=\"twitter:label1\" content=\"Geschatte leestijd\" \/>\n\t<meta name=\"twitter:data1\" content=\"1 minuut\" \/>\n<script type=\"application\/ld+json\" class=\"yoast-schema-graph\">{\"@context\":\"https:\/\/schema.org\",\"@graph\":[{\"@type\":\"WebPage\",\"@id\":\"https:\/\/hotelhorizon.be\/nl\/omgeving\/\",\"url\":\"https:\/\/hotelhorizon.be\/nl\/omgeving\/\",\"name\":\"Omgeving - WeCareHotels - Horizon\",\"isPartOf\":{\"@id\":\"https:\/\/hotelhorizon.be\/nl\/#website\"},\"primaryImageOfPage\":{\"@id\":\"https:\/\/hotelhorizon.be\/nl\/omgeving\/#primaryimage\"},\"image\":{\"@id\":\"https:\/\/hotelhorizon.be\/nl\/omgeving\/#primaryimage\"},\"thumbnailUrl\":\"https:\/\/hotelhorizon.be\/wp-content\/uploads\/2024\/03\/Pairi-Daiza.jpeg\",\"datePublished\":\"2023-11-20T09:36:39+00:00\",\"dateModified\":\"2024-09-10T10:59:43+00:00\",\"description\":\"Explorez une vari\u00e9t\u00e9 d'activit\u00e9s passionnantes \u00e0 Ath pour des moments inoubliables avec votre famille. Cliquez ici pour en savoir plus.\",\"breadcrumb\":{\"@id\":\"https:\/\/hotelhorizon.be\/nl\/omgeving\/#breadcrumb\"},\"inLanguage\":\"nl-NL\",\"potentialAction\":[{\"@type\":\"ReadAction\",\"target\":[\"https:\/\/hotelhorizon.be\/nl\/omgeving\/\"]}]},{\"@type\":\"ImageObject\",\"inLanguage\":\"nl-NL\",\"@id\":\"https:\/\/hotelhorizon.be\/nl\/omgeving\/#primaryimage\",\"url\":\"https:\/\/hotelhorizon.be\/wp-content\/uploads\/2024\/03\/Pairi-Daiza.jpeg\",\"contentUrl\":\"https:\/\/hotelhorizon.be\/wp-content\/uploads\/2024\/03\/Pairi-Daiza.jpeg\",\"width\":1368,\"height\":768},{\"@type\":\"BreadcrumbList\",\"@id\":\"https:\/\/hotelhorizon.be\/nl\/omgeving\/#breadcrumb\",\"itemListElement\":[{\"@type\":\"ListItem\",\"position\":1,\"name\":\"Home\",\"item\":\"https:\/\/hotelhorizon.be\/nl\/\"},{\"@type\":\"ListItem\",\"position\":2,\"name\":\"Omgeving\"}]},{\"@type\":\"WebSite\",\"@id\":\"https:\/\/hotelhorizon.be\/nl\/#website\",\"url\":\"https:\/\/hotelhorizon.be\/nl\/\",\"name\":\"WeCareHotels - Horizon\",\"description\":\"H\u00f4tel-Restaurant proche de Pairi Daiza\",\"potentialAction\":[{\"@type\":\"SearchAction\",\"target\":{\"@type\":\"EntryPoint\",\"urlTemplate\":\"https:\/\/hotelhorizon.be\/nl\/?s={search_term_string}\"},\"query-input\":{\"@type\":\"PropertyValueSpecification\",\"valueRequired\":true,\"valueName\":\"search_term_string\"}}],\"inLanguage\":\"nl-NL\"}]}<\/script>\n<!-- \/ Yoast SEO plugin. -->","yoast_head_json":{"title":"Omgeving - WeCareHotels - Horizon","description":"Explorez une vari\u00e9t\u00e9 d'activit\u00e9s passionnantes \u00e0 Ath pour des moments inoubliables avec votre famille. Cliquez ici pour en savoir plus.","robots":{"index":"index","follow":"follow","max-snippet":"max-snippet:-1","max-image-preview":"max-image-preview:large","max-video-preview":"max-video-preview:-1"},"canonical":"https:\/\/hotelhorizon.be\/nl\/omgeving\/","og_locale":"nl_NL","og_type":"article","og_title":"Omgeving - WeCareHotels - Horizon","og_description":"Explorez une vari\u00e9t\u00e9 d'activit\u00e9s passionnantes \u00e0 Ath pour des moments inoubliables avec votre famille. Cliquez ici pour en savoir plus.","og_url":"https:\/\/hotelhorizon.be\/nl\/omgeving\/","og_site_name":"WeCareHotels - Horizon","article_modified_time":"2024-09-10T10:59:43+00:00","og_image":[{"width":1368,"height":768,"url":"https:\/\/hotelhorizon.be\/wp-content\/uploads\/2024\/03\/Pairi-Daiza.jpeg","type":"image\/jpeg"}],"twitter_card":"summary_large_image","twitter_misc":{"Geschatte leestijd":"1 minuut"},"schema":{"@context":"https:\/\/schema.org","@graph":[{"@type":"WebPage","@id":"https:\/\/hotelhorizon.be\/nl\/omgeving\/","url":"https:\/\/hotelhorizon.be\/nl\/omgeving\/","name":"Omgeving - WeCareHotels - Horizon","isPartOf":{"@id":"https:\/\/hotelhorizon.be\/nl\/#website"},"primaryImageOfPage":{"@id":"https:\/\/hotelhorizon.be\/nl\/omgeving\/#primaryimage"},"image":{"@id":"https:\/\/hotelhorizon.be\/nl\/omgeving\/#primaryimage"},"thumbnailUrl":"https:\/\/hotelhorizon.be\/wp-content\/uploads\/2024\/03\/Pairi-Daiza.jpeg","datePublished":"2023-11-20T09:36:39+00:00","dateModified":"2024-09-10T10:59:43+00:00","description":"Explorez une vari\u00e9t\u00e9 d'activit\u00e9s passionnantes \u00e0 Ath pour des moments inoubliables avec votre famille. Cliquez ici pour en savoir plus.","breadcrumb":{"@id":"https:\/\/hotelhorizon.be\/nl\/omgeving\/#breadcrumb"},"inLanguage":"nl-NL","potentialAction":[{"@type":"ReadAction","target":["https:\/\/hotelhorizon.be\/nl\/omgeving\/"]}]},{"@type":"ImageObject","inLanguage":"nl-NL","@id":"https:\/\/hotelhorizon.be\/nl\/omgeving\/#primaryimage","url":"https:\/\/hotelhorizon.be\/wp-content\/uploads\/2024\/03\/Pairi-Daiza.jpeg","contentUrl":"https:\/\/hotelhorizon.be\/wp-content\/uploads\/2024\/03\/Pairi-Daiza.jpeg","width":1368,"height":768},{"@type":"BreadcrumbList","@id":"https:\/\/hotelhorizon.be\/nl\/omgeving\/#breadcrumb","itemListElement":[{"@type":"ListItem","position":1,"name":"Home","item":"https:\/\/hotelhorizon.be\/nl\/"},{"@type":"ListItem","position":2,"name":"Omgeving"}]},{"@type":"WebSite","@id":"https:\/\/hotelhorizon.be\/nl\/#website","url":"https:\/\/hotelhorizon.be\/nl\/","name":"WeCareHotels - Horizon","description":"H\u00f4tel-Restaurant proche de Pairi Daiza","potentialAction":[{"@type":"SearchAction","target":{"@type":"EntryPoint","urlTemplate":"https:\/\/hotelhorizon.be\/nl\/?s={search_term_string}"},"query-input":{"@type":"PropertyValueSpecification","valueRequired":true,"valueName":"search_term_string"}}],"inLanguage":"nl-NL"}]}},"_links":{"self":[{"href":"https:\/\/hotelhorizon.be\/nl\/wp-json\/wp\/v2\/pages\/999","targetHints":{"allow":["GET"]}}],"collection":[{"href":"https:\/\/hotelhorizon.be\/nl\/wp-json\/wp\/v2\/pages"}],"about":[{"href":"https:\/\/hotelhorizon.be\/nl\/wp-json\/wp\/v2\/types\/page"}],"author":[{"embeddable":true,"href":"https:\/\/hotelhorizon.be\/nl\/wp-json\/wp\/v2\/users\/1"}],"replies":[{"embeddable":true,"href":"https:\/\/hotelhorizon.be\/nl\/wp-json\/wp\/v2\/comments?post=999"}],"version-history":[{"count":16,"href":"https:\/\/hotelhorizon.be\/nl\/wp-json\/wp\/v2\/pages\/999\/revisions"}],"predecessor-version":[{"id":2421,"href":"https:\/\/hotelhorizon.be\/nl\/wp-json\/wp\/v2\/pages\/999\/revisions\/2421"}],"wp:featuredmedia":[{"embeddable":true,"href":"https:\/\/hotelhorizon.be\/nl\/wp-json\/wp\/v2\/media\/1681"}],"wp:attachment":[{"href":"https:\/\/hotelhorizon.be\/nl\/wp-json\/wp\/v2\/media?parent=999"}],"curies":[{"name":"wp","href":"https:\/\/api.w.org\/{rel}","templated":true}]}}