{"id":995,"date":"2023-11-21T12:48:15","date_gmt":"2023-11-21T12:48:15","guid":{"rendered":"https:\/\/we-care-hotels.local\/a-propos\/"},"modified":"2025-08-20T11:17:07","modified_gmt":"2025-08-20T11:17:07","slug":"about-us","status":"publish","type":"page","link":"https:\/\/hotelhorizon.be\/en\/about-us\/","title":{"rendered":"About us"},"content":{"rendered":"<p>Nous nous pr\u00e9occupons de nos clients, alias \u00ab We care for our guests \u00bb : notre objectif est la satisfaction totale du client. Ainsi, nous pla\u00e7ons nos clients au c\u0153ur de nos actions ! Comment ? Nous nous effor\u00e7ons de les accueillir de la meilleure mani\u00e8re qui soit, de la r\u00e9servation jusqu&#8217;\u00e0 leur d\u00e9part. Nous leur accordons toute notre attention car pour nous, chaque client est pr\u00e9cieux. Le respect de nos clients est primordial, tout comme le suivi continu de notre qualit\u00e9.<\/p>\n<p>Nos 4 \u00e9tablissements affichent un score minimum de 4\/5 sur TripAdvisor et b\u00e9n\u00e9ficient tous du prestigieux award \u00ab Travellers\u2019 Choice by TripAdvisor \u00bb, ce qui signifie qu&#8217;ils font partie des 10 % meilleurs h\u00f4tels du monde ! Venez d\u00e9couvrir nos \u00e9tablissements et vivre une exp\u00e9rience client\u00e8le exceptionnelle, tout en b\u00e9n\u00e9ficiant de cadeaux pour clients satisfaits et d&#8217;un service client\u00e8le de qualit\u00e9.<\/p>\n","protected":false},"excerpt":{"rendered":"<p>Nous nous pr\u00e9occupons de nos clients, alias \u00ab We care for our guests \u00bb : notre objectif est la satisfaction totale du client. Ainsi, nous pla\u00e7ons nos clients au c\u0153ur de nos actions ! Comment ? Nous nous effor\u00e7ons de les accueillir de la meilleure mani\u00e8re qui soit, de la r\u00e9servation jusqu&#8217;\u00e0 leur d\u00e9part. Nous [&hellip;]<\/p>\n","protected":false},"author":1,"featured_media":0,"parent":0,"menu_order":0,"comment_status":"closed","ping_status":"closed","template":"page-a-propos.php","meta":{"_acf_changed":false,"footnotes":""},"class_list":["post-995","page","type-page","status-publish","hentry"],"acf":[],"yoast_head":"<!-- This site is optimized with the Yoast SEO plugin v24.7 - https:\/\/yoast.com\/wordpress\/plugins\/seo\/ -->\n<title>About us - WeCareHotels - Horizon<\/title>\n<meta name=\"description\" content=\"D\u00e9couvrez un service exceptionnel pour satisfaire nos clients. Surprenez quelqu&#039;un avec un ch\u00e8que-cadeau qui fera plaisir \u00e0 coup s\u00fbr.\" \/>\n<meta name=\"robots\" content=\"index, follow, max-snippet:-1, max-image-preview:large, max-video-preview:-1\" \/>\n<link rel=\"canonical\" href=\"https:\/\/hotelhorizon.be\/en\/about-us\/\" \/>\n<meta property=\"og:locale\" content=\"en_US\" \/>\n<meta property=\"og:type\" content=\"article\" \/>\n<meta property=\"og:title\" content=\"About us - WeCareHotels - Horizon\" \/>\n<meta property=\"og:description\" content=\"D\u00e9couvrez un service exceptionnel pour satisfaire nos clients. Surprenez quelqu&#039;un avec un ch\u00e8que-cadeau qui fera plaisir \u00e0 coup s\u00fbr.\" \/>\n<meta property=\"og:url\" content=\"https:\/\/hotelhorizon.be\/en\/about-us\/\" \/>\n<meta property=\"og:site_name\" content=\"WeCareHotels - Horizon\" \/>\n<meta property=\"article:modified_time\" content=\"2025-08-20T11:17:07+00:00\" \/>\n<meta name=\"twitter:card\" content=\"summary_large_image\" \/>\n<meta name=\"twitter:label1\" content=\"Est. reading time\" \/>\n\t<meta name=\"twitter:data1\" content=\"1 minute\" \/>\n<script type=\"application\/ld+json\" class=\"yoast-schema-graph\">{\"@context\":\"https:\/\/schema.org\",\"@graph\":[{\"@type\":\"WebPage\",\"@id\":\"https:\/\/hotelhorizon.be\/en\/about-us\/\",\"url\":\"https:\/\/hotelhorizon.be\/en\/about-us\/\",\"name\":\"About us - WeCareHotels - Horizon\",\"isPartOf\":{\"@id\":\"https:\/\/hotelhorizon.be\/en\/#website\"},\"datePublished\":\"2023-11-21T12:48:15+00:00\",\"dateModified\":\"2025-08-20T11:17:07+00:00\",\"description\":\"D\u00e9couvrez un service exceptionnel pour satisfaire nos clients. Surprenez quelqu'un avec un ch\u00e8que-cadeau qui fera plaisir \u00e0 coup s\u00fbr.\",\"breadcrumb\":{\"@id\":\"https:\/\/hotelhorizon.be\/en\/about-us\/#breadcrumb\"},\"inLanguage\":\"en-US\",\"potentialAction\":[{\"@type\":\"ReadAction\",\"target\":[\"https:\/\/hotelhorizon.be\/en\/about-us\/\"]}]},{\"@type\":\"BreadcrumbList\",\"@id\":\"https:\/\/hotelhorizon.be\/en\/about-us\/#breadcrumb\",\"itemListElement\":[{\"@type\":\"ListItem\",\"position\":1,\"name\":\"Home\",\"item\":\"https:\/\/hotelhorizon.be\/en\/\"},{\"@type\":\"ListItem\",\"position\":2,\"name\":\"About us\"}]},{\"@type\":\"WebSite\",\"@id\":\"https:\/\/hotelhorizon.be\/en\/#website\",\"url\":\"https:\/\/hotelhorizon.be\/en\/\",\"name\":\"WeCareHotels - Horizon\",\"description\":\"H\u00f4tel-Restaurant proche de Pairi Daiza\",\"potentialAction\":[{\"@type\":\"SearchAction\",\"target\":{\"@type\":\"EntryPoint\",\"urlTemplate\":\"https:\/\/hotelhorizon.be\/en\/?s={search_term_string}\"},\"query-input\":{\"@type\":\"PropertyValueSpecification\",\"valueRequired\":true,\"valueName\":\"search_term_string\"}}],\"inLanguage\":\"en-US\"}]}<\/script>\n<!-- \/ Yoast SEO plugin. -->","yoast_head_json":{"title":"About us - WeCareHotels - Horizon","description":"D\u00e9couvrez un service exceptionnel pour satisfaire nos clients. Surprenez quelqu'un avec un ch\u00e8que-cadeau qui fera plaisir \u00e0 coup s\u00fbr.","robots":{"index":"index","follow":"follow","max-snippet":"max-snippet:-1","max-image-preview":"max-image-preview:large","max-video-preview":"max-video-preview:-1"},"canonical":"https:\/\/hotelhorizon.be\/en\/about-us\/","og_locale":"en_US","og_type":"article","og_title":"About us - WeCareHotels - Horizon","og_description":"D\u00e9couvrez un service exceptionnel pour satisfaire nos clients. Surprenez quelqu'un avec un ch\u00e8que-cadeau qui fera plaisir \u00e0 coup s\u00fbr.","og_url":"https:\/\/hotelhorizon.be\/en\/about-us\/","og_site_name":"WeCareHotels - Horizon","article_modified_time":"2025-08-20T11:17:07+00:00","twitter_card":"summary_large_image","twitter_misc":{"Est. reading time":"1 minute"},"schema":{"@context":"https:\/\/schema.org","@graph":[{"@type":"WebPage","@id":"https:\/\/hotelhorizon.be\/en\/about-us\/","url":"https:\/\/hotelhorizon.be\/en\/about-us\/","name":"About us - WeCareHotels - Horizon","isPartOf":{"@id":"https:\/\/hotelhorizon.be\/en\/#website"},"datePublished":"2023-11-21T12:48:15+00:00","dateModified":"2025-08-20T11:17:07+00:00","description":"D\u00e9couvrez un service exceptionnel pour satisfaire nos clients. Surprenez quelqu'un avec un ch\u00e8que-cadeau qui fera plaisir \u00e0 coup s\u00fbr.","breadcrumb":{"@id":"https:\/\/hotelhorizon.be\/en\/about-us\/#breadcrumb"},"inLanguage":"en-US","potentialAction":[{"@type":"ReadAction","target":["https:\/\/hotelhorizon.be\/en\/about-us\/"]}]},{"@type":"BreadcrumbList","@id":"https:\/\/hotelhorizon.be\/en\/about-us\/#breadcrumb","itemListElement":[{"@type":"ListItem","position":1,"name":"Home","item":"https:\/\/hotelhorizon.be\/en\/"},{"@type":"ListItem","position":2,"name":"About us"}]},{"@type":"WebSite","@id":"https:\/\/hotelhorizon.be\/en\/#website","url":"https:\/\/hotelhorizon.be\/en\/","name":"WeCareHotels - Horizon","description":"H\u00f4tel-Restaurant proche de Pairi Daiza","potentialAction":[{"@type":"SearchAction","target":{"@type":"EntryPoint","urlTemplate":"https:\/\/hotelhorizon.be\/en\/?s={search_term_string}"},"query-input":{"@type":"PropertyValueSpecification","valueRequired":true,"valueName":"search_term_string"}}],"inLanguage":"en-US"}]}},"_links":{"self":[{"href":"https:\/\/hotelhorizon.be\/en\/wp-json\/wp\/v2\/pages\/995","targetHints":{"allow":["GET"]}}],"collection":[{"href":"https:\/\/hotelhorizon.be\/en\/wp-json\/wp\/v2\/pages"}],"about":[{"href":"https:\/\/hotelhorizon.be\/en\/wp-json\/wp\/v2\/types\/page"}],"author":[{"embeddable":true,"href":"https:\/\/hotelhorizon.be\/en\/wp-json\/wp\/v2\/users\/1"}],"replies":[{"embeddable":true,"href":"https:\/\/hotelhorizon.be\/en\/wp-json\/wp\/v2\/comments?post=995"}],"version-history":[{"count":28,"href":"https:\/\/hotelhorizon.be\/en\/wp-json\/wp\/v2\/pages\/995\/revisions"}],"predecessor-version":[{"id":2745,"href":"https:\/\/hotelhorizon.be\/en\/wp-json\/wp\/v2\/pages\/995\/revisions\/2745"}],"wp:attachment":[{"href":"https:\/\/hotelhorizon.be\/en\/wp-json\/wp\/v2\/media?parent=995"}],"curies":[{"name":"wp","href":"https:\/\/api.w.org\/{rel}","templated":true}]}}